{"id":99,"date":"2023-07-15T15:36:20","date_gmt":"2023-07-15T13:36:20","guid":{"rendered":"https:\/\/fantome-fx.com\/?page_id=99"},"modified":"2025-12-04T00:04:31","modified_gmt":"2025-12-03T23:04:31","slug":"blackbird","status":"publish","type":"page","link":"https:\/\/fantome-fx.com\/index.php\/blackbird\/","title":{"rendered":"BLACKBIRD"},"content":{"rendered":"\n<p><strong>(Supersonic Fuzz)<\/strong> Cr\u00e9ation 2023<br>Derni\u00e8re version <strong>1.4<\/strong> (Juillet 2023)<\/p>\n\n\n\n<figure class=\"wp-block-gallery has-nested-images columns-default is-cropped wp-block-gallery-1 is-layout-flex wp-block-gallery-is-layout-flex\">\n<figure class=\"wp-block-image size-large\"><img loading=\"lazy\" decoding=\"async\" width=\"1024\" height=\"681\" data-id=\"659\" src=\"https:\/\/fantome-fx.com\/wp-content\/uploads\/2024\/01\/2023_09_21a_382a-1500px-1-1024x681.jpg\" alt=\"\" class=\"wp-image-659\" srcset=\"https:\/\/fantome-fx.com\/wp-content\/uploads\/2024\/01\/2023_09_21a_382a-1500px-1-1024x681.jpg 1024w, https:\/\/fantome-fx.com\/wp-content\/uploads\/2024\/01\/2023_09_21a_382a-1500px-1-300x200.jpg 300w, https:\/\/fantome-fx.com\/wp-content\/uploads\/2024\/01\/2023_09_21a_382a-1500px-1-768x511.jpg 768w, https:\/\/fantome-fx.com\/wp-content\/uploads\/2024\/01\/2023_09_21a_382a-1500px-1.jpg 1500w\" sizes=\"auto, (max-width: 1024px) 100vw, 1024px\" \/><\/figure>\n\n\n\n<figure class=\"wp-block-image size-full\"><img loading=\"lazy\" decoding=\"async\" width=\"1000\" height=\"1000\" data-id=\"654\" src=\"https:\/\/fantome-fx.com\/wp-content\/uploads\/2024\/01\/CREVARD-copie3-1000px.jpg\" alt=\"\" class=\"wp-image-654\" srcset=\"https:\/\/fantome-fx.com\/wp-content\/uploads\/2024\/01\/CREVARD-copie3-1000px.jpg 1000w, https:\/\/fantome-fx.com\/wp-content\/uploads\/2024\/01\/CREVARD-copie3-1000px-300x300.jpg 300w, https:\/\/fantome-fx.com\/wp-content\/uploads\/2024\/01\/CREVARD-copie3-1000px-150x150.jpg 150w, https:\/\/fantome-fx.com\/wp-content\/uploads\/2024\/01\/CREVARD-copie3-1000px-768x768.jpg 768w\" sizes=\"auto, (max-width: 1000px) 100vw, 1000px\" \/><\/figure>\n\n\n\n<figure class=\"wp-block-image size-large\"><img loading=\"lazy\" decoding=\"async\" width=\"1024\" height=\"681\" data-id=\"660\" src=\"https:\/\/fantome-fx.com\/wp-content\/uploads\/2024\/01\/2023_09_21a_380a-1500px-1-1024x681.jpg\" alt=\"\" class=\"wp-image-660\" srcset=\"https:\/\/fantome-fx.com\/wp-content\/uploads\/2024\/01\/2023_09_21a_380a-1500px-1-1024x681.jpg 1024w, https:\/\/fantome-fx.com\/wp-content\/uploads\/2024\/01\/2023_09_21a_380a-1500px-1-300x200.jpg 300w, https:\/\/fantome-fx.com\/wp-content\/uploads\/2024\/01\/2023_09_21a_380a-1500px-1-768x511.jpg 768w, https:\/\/fantome-fx.com\/wp-content\/uploads\/2024\/01\/2023_09_21a_380a-1500px-1.jpg 1500w\" sizes=\"auto, (max-width: 1024px) 100vw, 1024px\" \/><\/figure>\n\n\n\n<figure class=\"wp-block-image size-large\"><img loading=\"lazy\" decoding=\"async\" width=\"1024\" height=\"681\" data-id=\"651\" src=\"https:\/\/fantome-fx.com\/wp-content\/uploads\/2024\/01\/2023_12_07b_958a-blackbird-PRIME-PALF-2000px-1024x681.jpg\" alt=\"\" class=\"wp-image-651\" srcset=\"https:\/\/fantome-fx.com\/wp-content\/uploads\/2024\/01\/2023_12_07b_958a-blackbird-PRIME-PALF-2000px-1024x681.jpg 1024w, https:\/\/fantome-fx.com\/wp-content\/uploads\/2024\/01\/2023_12_07b_958a-blackbird-PRIME-PALF-2000px-300x200.jpg 300w, https:\/\/fantome-fx.com\/wp-content\/uploads\/2024\/01\/2023_12_07b_958a-blackbird-PRIME-PALF-2000px-768x511.jpg 768w, https:\/\/fantome-fx.com\/wp-content\/uploads\/2024\/01\/2023_12_07b_958a-blackbird-PRIME-PALF-2000px-1536x1022.jpg 1536w, https:\/\/fantome-fx.com\/wp-content\/uploads\/2024\/01\/2023_12_07b_958a-blackbird-PRIME-PALF-2000px.jpg 2000w\" sizes=\"auto, (max-width: 1024px) 100vw, 1024px\" \/><\/figure>\n<\/figure>\n\n\n\n<p>Apres la Cyclone, j\u2019ai voulu explorer des chemins plus historiques de la Fuzz Face et de la Tone Bender. <br>J\u2019avais d\u00e9j\u00e0 essay\u00e9 par le pass\u00e9 mais les transistors au germanium \u00e9taient une source de problemes.<br>Ce soucis a \u00e9t\u00e9 effac\u00e9 gr\u00e2ce au Silicium.<br>Mais le sch\u00e9ma seul de la Fuzz Face, n\u2019aurait fait de mon travail qu\u2019une version de plus, je voulais autre chose. je voulais quelque chose de particulier.<\/p>\n\n\n\n<p>J\u2019ai travaill\u00e9 \u00e0 adapter des anciens transistors russes (silicium), et j\u2019ai obtenu quelque chose de surprenant, surtout dans la partie haute du gain, et c&rsquo;est devenu assez incontr\u00f4lable parfois (c&rsquo;est la \u00ab\u00a0Danger Zone\u00a0\u00bb, et j&rsquo;ai laiss\u00e9 cette zone hasardeuse, comme une possibilit\u00e9 de sonorit\u00e9. <br>J\u2019ai ensuite jou\u00e9 avec un troisi\u00e8me \u00e9tage de transistor, qui est splitable en partie par le switch, et \u00e7a donne une autre couleur encore, diff\u00e9rente, plus ronde et grasse (Full 3)<\/p>\n\n\n\n<p>Anecdote: La premi\u00e8re version de s\u00e9rie #001 a \u00e9t\u00e9 offerte \u00e0 Julien Bitoun.<br><br>JE S&rsquo;APPELLE FUZZ !!<br>#jesappellefuzz<\/p>\n\n\n\n<p class=\"has-vivid-red-color has-text-color\"><em><strong>ATTENTION :<\/strong> Au regard des stocks limit\u00e9s de ces transistors, il arrivera un jour, o\u00f9 cette p\u00e9dale ne pourra plus etre fabriqu\u00e9e.<\/em><br><\/p>\n\n\n\n<div class=\"wp-block-columns is-layout-flex wp-container-core-columns-is-layout-28f84493 wp-block-columns-is-layout-flex\">\n<div class=\"wp-block-column is-layout-flow wp-block-column-is-layout-flow\" style=\"flex-basis:100%\">\n<p><strong>Specs.<\/strong><br>Boitier Hammond haute qualit\u00e9 en fonte d&rsquo;aluminium, perc\u00e9 et peint \u00e0 la main.<br>Circuit imprim\u00e9 con\u00e7u et dessin\u00e9 par nos soins.<br>Composants traversants, assembl\u00e9s et soud\u00e9s \u00e0 la main.<br>Potentiometres ALPHA<br>Jacks LUMBERG<br>Soudure sans plomb.<br>Transistors ex-URSS (stocks achet\u00e9s aupr\u00e8s de revendeurs bas\u00e9s en Ukraine, Pologne, Bulgarie et Roumanie)<br>Alimentation DC 9V externe (pas de logement de pile en interne) (non fournie)<br>R\u00e9glages : Un bouton de volume, un bouton de gain et un s\u00e9lecteur permettant de passer de 2 \u00e0 3 transistors.<br>Courant : 3,3 mA<br>Poids 200g<\/p>\n<\/div>\n<\/div>\n\n\n\n<p><strong>Prix public conseill\u00e9 : 175 \u20ac<\/strong><br><strong>COMMANDEZ-LA SUR LA BOUTIQUE OFFICIELLE FANTOME<\/strong> (livraison offerte !!!)<br><\/p>\n\n\n\n<figure class=\"wp-block-image size-large is-resized\"><a href=\"https:\/\/fantome-fx.sumupstore.com\/product\/blackbird-supersonic-fuzz\" target=\"_blank\" rel=\" noreferrer noopener\"><img loading=\"lazy\" decoding=\"async\" width=\"1024\" height=\"289\" src=\"https:\/\/fantome-fx.com\/wp-content\/uploads\/2025\/10\/ACHETER-copie-1024x289.png\" alt=\"\" class=\"wp-image-900\" style=\"width:227px;height:auto\" srcset=\"https:\/\/fantome-fx.com\/wp-content\/uploads\/2025\/10\/ACHETER-copie-1024x289.png 1024w, https:\/\/fantome-fx.com\/wp-content\/uploads\/2025\/10\/ACHETER-copie-600x170.png 600w, https:\/\/fantome-fx.com\/wp-content\/uploads\/2025\/10\/ACHETER-copie-300x85.png 300w, https:\/\/fantome-fx.com\/wp-content\/uploads\/2025\/10\/ACHETER-copie-768x217.png 768w, https:\/\/fantome-fx.com\/wp-content\/uploads\/2025\/10\/ACHETER-copie.png 1522w\" sizes=\"auto, (max-width: 1024px) 100vw, 1024px\" \/><\/a><\/figure>\n\n\n\n<p><\/p>\n\n\n\n<figure class=\"wp-block-embed is-type-video is-provider-youtube wp-block-embed-youtube wp-embed-aspect-16-9 wp-has-aspect-ratio\"><div class=\"wp-block-embed__wrapper\">\n<iframe loading=\"lazy\" title=\"Nos coups de coeur 2023 et synth\u00e8se de cette ann\u00e9e folle pour Palf !\" width=\"800\" height=\"450\" src=\"https:\/\/www.youtube.com\/embed\/ClHFWRz_4dY?feature=oembed\" frameborder=\"0\" allow=\"accelerometer; autoplay; clipboard-write; encrypted-media; gyroscope; picture-in-picture; web-share\" referrerpolicy=\"strict-origin-when-cross-origin\" allowfullscreen><\/iframe>\n<\/div><\/figure>\n\n\n\n<p>Revue de Presse \/ <strong>GUITAR PART D\u00e9cembre 2023<\/strong><\/p>\n\n\n\n<figure class=\"wp-block-embed is-type-video is-provider-youtube wp-block-embed-youtube wp-embed-aspect-16-9 wp-has-aspect-ratio\"><div class=\"wp-block-embed__wrapper\">\n<iframe loading=\"lazy\" title=\"La fuzz fran\u00e7aise la plus grasse du monde - Fantome Blackbird\" width=\"800\" height=\"450\" src=\"https:\/\/www.youtube.com\/embed\/DMAlH6Mudl4?feature=oembed\" frameborder=\"0\" allow=\"accelerometer; autoplay; clipboard-write; encrypted-media; gyroscope; picture-in-picture; web-share\" referrerpolicy=\"strict-origin-when-cross-origin\" allowfullscreen><\/iframe>\n<\/div><\/figure>\n\n\n\n<p><\/p>\n\n\n\n<figure class=\"wp-block-embed is-type-video is-provider-youtube wp-block-embed-youtube wp-embed-aspect-16-9 wp-has-aspect-ratio\"><div class=\"wp-block-embed__wrapper\">\n<iframe loading=\"lazy\" title=\"On d\u00e9couvre les p\u00e9dales FANTOME, une marque fran\u00e7aise !\" width=\"800\" height=\"450\" src=\"https:\/\/www.youtube.com\/embed\/PRmxglGLUPE?feature=oembed\" frameborder=\"0\" allow=\"accelerometer; autoplay; clipboard-write; encrypted-media; gyroscope; picture-in-picture; web-share\" referrerpolicy=\"strict-origin-when-cross-origin\" allowfullscreen><\/iframe>\n<\/div><\/figure>\n\n\n\n<p><\/p>\n","protected":false},"excerpt":{"rendered":"<p>(Supersonic Fuzz) Cr\u00e9ation 2023Derni\u00e8re version 1.4 (Juillet 2023) Apres la Cyclone, j\u2019ai voulu explorer des chemins plus historiques de la<\/p>\n","protected":false},"author":1,"featured_media":0,"parent":0,"menu_order":0,"comment_status":"closed","ping_status":"closed","template":"","meta":{"footnotes":""},"class_list":["post-99","page","type-page","status-publish","hentry"],"jetpack_sharing_enabled":true,"_links":{"self":[{"href":"https:\/\/fantome-fx.com\/index.php\/wp-json\/wp\/v2\/pages\/99","targetHints":{"allow":["GET"]}}],"collection":[{"href":"https:\/\/fantome-fx.com\/index.php\/wp-json\/wp\/v2\/pages"}],"about":[{"href":"https:\/\/fantome-fx.com\/index.php\/wp-json\/wp\/v2\/types\/page"}],"author":[{"embeddable":true,"href":"https:\/\/fantome-fx.com\/index.php\/wp-json\/wp\/v2\/users\/1"}],"replies":[{"embeddable":true,"href":"https:\/\/fantome-fx.com\/index.php\/wp-json\/wp\/v2\/comments?post=99"}],"version-history":[{"count":31,"href":"https:\/\/fantome-fx.com\/index.php\/wp-json\/wp\/v2\/pages\/99\/revisions"}],"predecessor-version":[{"id":1020,"href":"https:\/\/fantome-fx.com\/index.php\/wp-json\/wp\/v2\/pages\/99\/revisions\/1020"}],"wp:attachment":[{"href":"https:\/\/fantome-fx.com\/index.php\/wp-json\/wp\/v2\/media?parent=99"}],"curies":[{"name":"wp","href":"https:\/\/api.w.org\/{rel}","templated":true}]}}