{"id":98,"date":"2023-07-15T15:36:20","date_gmt":"2023-07-15T13:36:20","guid":{"rendered":"https:\/\/fantome-fx.com\/?page_id=98"},"modified":"2026-02-09T19:39:15","modified_gmt":"2026-02-09T18:39:15","slug":"cyclone","status":"publish","type":"page","link":"https:\/\/fantome-fx.com\/index.php\/cyclone\/","title":{"rendered":"CYCLONE"},"content":{"rendered":"\r\n<p><strong>The Ocean Fuzz<\/strong>, cr\u00e9ation 2022<br \/>Derni\u00e8re version <strong>2.22<\/strong> (Juillet 2023)<\/p>\r\n\r\n\r\n\r\n<figure class=\"wp-block-gallery has-nested-images columns-default is-cropped wp-block-gallery-1 is-layout-flex wp-block-gallery-is-layout-flex\">\r\n<figure class=\"wp-block-image size-large\"><img loading=\"lazy\" decoding=\"async\" width=\"1024\" height=\"683\" data-id=\"169\" class=\"wp-image-169\" src=\"https:\/\/fantome-fx.com\/wp-content\/uploads\/2023\/07\/2023_04_30a_938a-1-1024x683.jpg\" alt=\"\" srcset=\"https:\/\/fantome-fx.com\/wp-content\/uploads\/2023\/07\/2023_04_30a_938a-1-1024x683.jpg 1024w, https:\/\/fantome-fx.com\/wp-content\/uploads\/2023\/07\/2023_04_30a_938a-1-300x200.jpg 300w, https:\/\/fantome-fx.com\/wp-content\/uploads\/2023\/07\/2023_04_30a_938a-1-768x512.jpg 768w, https:\/\/fantome-fx.com\/wp-content\/uploads\/2023\/07\/2023_04_30a_938a-1.jpg 1500w\" sizes=\"auto, (max-width: 1024px) 100vw, 1024px\" \/><\/figure>\r\n\r\n\r\n\r\n<figure class=\"wp-block-image size-large\"><img loading=\"lazy\" decoding=\"async\" width=\"1024\" height=\"681\" data-id=\"168\" class=\"wp-image-168\" src=\"https:\/\/fantome-fx.com\/wp-content\/uploads\/2023\/07\/2023_04_30a_941a-1024x681.jpg\" alt=\"\" srcset=\"https:\/\/fantome-fx.com\/wp-content\/uploads\/2023\/07\/2023_04_30a_941a-1024x681.jpg 1024w, https:\/\/fantome-fx.com\/wp-content\/uploads\/2023\/07\/2023_04_30a_941a-300x200.jpg 300w, https:\/\/fantome-fx.com\/wp-content\/uploads\/2023\/07\/2023_04_30a_941a-768x511.jpg 768w, https:\/\/fantome-fx.com\/wp-content\/uploads\/2023\/07\/2023_04_30a_941a.jpg 1500w\" sizes=\"auto, (max-width: 1024px) 100vw, 1024px\" \/><\/figure>\r\n\r\n\r\n\r\n<figure class=\"wp-block-image size-large\"><img loading=\"lazy\" decoding=\"async\" width=\"1024\" height=\"681\" data-id=\"170\" class=\"wp-image-170\" src=\"https:\/\/fantome-fx.com\/wp-content\/uploads\/2023\/07\/2023_05_04b_924a-1-1024x681.jpg\" alt=\"\" srcset=\"https:\/\/fantome-fx.com\/wp-content\/uploads\/2023\/07\/2023_05_04b_924a-1-1024x681.jpg 1024w, https:\/\/fantome-fx.com\/wp-content\/uploads\/2023\/07\/2023_05_04b_924a-1-300x200.jpg 300w, https:\/\/fantome-fx.com\/wp-content\/uploads\/2023\/07\/2023_05_04b_924a-1-768x511.jpg 768w, https:\/\/fantome-fx.com\/wp-content\/uploads\/2023\/07\/2023_05_04b_924a-1.jpg 1500w\" sizes=\"auto, (max-width: 1024px) 100vw, 1024px\" \/><\/figure>\r\n<\/figure>\r\n\r\n\r\n\r\n<div class=\"wp-block-columns is-layout-flex wp-container-core-columns-is-layout-28f84493 wp-block-columns-is-layout-flex\">\r\n<div class=\"wp-block-column is-layout-flow wp-block-column-is-layout-flow\" style=\"flex-basis: 100%;\">\r\n<p><br \/><strong>La Cyclone, c\u2019est une Fuzz, une \u00e9norme fuzz .<\/strong><\/p>\r\n\r\n\r\n\r\n<p><br \/>L&rsquo;id\u00e9e de d\u00e9part c&rsquo;est le constat qu&rsquo;on regle souvent une fuzz \u00ab\u00a0\u00e0 fond\u00a0\u00bb, et voici donc une Fuzz r\u00e9gl\u00e9e \u00e0 fond. Le bouton de volume vous servira \u00e0 \u00e9quilibrer le niveau de sortie sur votre pedalboard.<br \/>Le nom de la Cyclone, vient de Coney Island, \u00e0 New York, qui abrite un man\u00e8ge c\u00e9l\u00e8bre, un grand 8 fait de bois et de f\u00e9raille \u00e0 vous donner les chocottes qu&rsquo;il s&rsquo;\u00e9croule sur lui m\u00eame dans un fracas assourdissant.<br \/>Un seul bouton de volume, <strong>le gain se contr\u00f4lant au potentiom\u00e8tre de la guitare<\/strong>.<br \/>Le switch \u00ab Keep Calm \u00bb est un filtre qui viendra \u00e9touffer, un peu, les ardeurs, c\u2019est plut\u00f4t une couleur diff\u00e9rente avec un voicing plus rond et plus doux.<\/p>\r\n\r\n\r\n\r\n<p><strong>Specs.<\/strong><br \/>Boitier Hammond haute qualit\u00e9 en fonte d&rsquo;aluminium, perc\u00e9 et peint \u00e0 la main.<br \/>Circuit imprim\u00e9 con\u00e7u et dessin\u00e9 par nos soins.<br \/>Composants traversants, assembl\u00e9s et soud\u00e9s \u00e0 la main.<br \/>Potentiometre ALPHA<br \/>Jacks LUMBERG<br \/>Soudure sans plomb.<br \/>Alimentation DC 9V externe (pas de logement de pile en interne) (non fournie)<br \/>R\u00e9glages : Un bouton de volume, un switch permettant de changer le voicing de la Fuzz, elle devient \u00ab\u00a0un peu\u00a0\u00bb plus douce sur le mode \u00ab\u00a0Keep calm\u00a0\u00bb.<br \/>Courant : 1,8 mA<br \/>Poids : 200g<\/p>\r\n<\/div>\r\n<\/div>\r\n\r\n\r\n\r\n<p><strong>Prix public conseill\u00e9 : 165 \u20ac<\/strong><\/p>\r\n\r\n\r\n\r\n<figure class=\"wp-block-image size-large is-resized\"><a href=\"https:\/\/fantome-fx.sumupstore.com\/product\/cyclone-ocean-fuzz-1\" target=\"_blank\" rel=\"noreferrer noopener\"><img loading=\"lazy\" decoding=\"async\" class=\"alignnone wp-image-900\" style=\"width: 227px; height: auto;\" src=\"https:\/\/fantome-fx.com\/wp-content\/uploads\/2025\/10\/ACHETER-copie-1024x289.png\" alt=\"\" width=\"1024\" height=\"289\" srcset=\"https:\/\/fantome-fx.com\/wp-content\/uploads\/2025\/10\/ACHETER-copie-1024x289.png 1024w, https:\/\/fantome-fx.com\/wp-content\/uploads\/2025\/10\/ACHETER-copie-600x170.png 600w, https:\/\/fantome-fx.com\/wp-content\/uploads\/2025\/10\/ACHETER-copie-300x85.png 300w, https:\/\/fantome-fx.com\/wp-content\/uploads\/2025\/10\/ACHETER-copie-768x217.png 768w, https:\/\/fantome-fx.com\/wp-content\/uploads\/2025\/10\/ACHETER-copie.png 1522w\" sizes=\"auto, (max-width: 1024px) 100vw, 1024px\" \/><\/a><\/figure>\r\n\r\n\r\n\r\n<div class=\"wp-block-embed__wrapper\">\r\n<p><iframe loading=\"lazy\" title=\"Some Of Our Fave Pedals All Year! [Thorpy, Beetronics, Source Audio, Hagerman, Fantome]\" width=\"800\" height=\"450\" src=\"https:\/\/www.youtube.com\/embed\/0LmpeQPiar0?feature=oembed\" frameborder=\"0\" allow=\"accelerometer; autoplay; clipboard-write; encrypted-media; gyroscope; picture-in-picture; web-share\" referrerpolicy=\"strict-origin-when-cross-origin\" allowfullscreen><\/iframe><\/p>\r\n<\/div>\r\n\r\n\r\n\r\n<p>&nbsp;<\/p>\r\n","protected":false},"excerpt":{"rendered":"<p>The Ocean Fuzz, cr\u00e9ation 2022Derni\u00e8re version 2.22 (Juillet 2023) La Cyclone, c\u2019est une Fuzz, une \u00e9norme fuzz . L&rsquo;id\u00e9e de<\/p>\n","protected":false},"author":1,"featured_media":27,"parent":0,"menu_order":0,"comment_status":"closed","ping_status":"closed","template":"","meta":{"footnotes":""},"class_list":["post-98","page","type-page","status-publish","has-post-thumbnail","hentry"],"jetpack_sharing_enabled":true,"_links":{"self":[{"href":"https:\/\/fantome-fx.com\/index.php\/wp-json\/wp\/v2\/pages\/98","targetHints":{"allow":["GET"]}}],"collection":[{"href":"https:\/\/fantome-fx.com\/index.php\/wp-json\/wp\/v2\/pages"}],"about":[{"href":"https:\/\/fantome-fx.com\/index.php\/wp-json\/wp\/v2\/types\/page"}],"author":[{"embeddable":true,"href":"https:\/\/fantome-fx.com\/index.php\/wp-json\/wp\/v2\/users\/1"}],"replies":[{"embeddable":true,"href":"https:\/\/fantome-fx.com\/index.php\/wp-json\/wp\/v2\/comments?post=98"}],"version-history":[{"count":18,"href":"https:\/\/fantome-fx.com\/index.php\/wp-json\/wp\/v2\/pages\/98\/revisions"}],"predecessor-version":[{"id":1159,"href":"https:\/\/fantome-fx.com\/index.php\/wp-json\/wp\/v2\/pages\/98\/revisions\/1159"}],"wp:featuredmedia":[{"embeddable":true,"href":"https:\/\/fantome-fx.com\/index.php\/wp-json\/wp\/v2\/media\/27"}],"wp:attachment":[{"href":"https:\/\/fantome-fx.com\/index.php\/wp-json\/wp\/v2\/media?parent=98"}],"curies":[{"name":"wp","href":"https:\/\/api.w.org\/{rel}","templated":true}]}}