{"id":94,"date":"2023-07-15T15:36:20","date_gmt":"2023-07-15T13:36:20","guid":{"rendered":"https:\/\/fantome-fx.com\/?page_id=94"},"modified":"2026-01-04T23:24:31","modified_gmt":"2026-01-04T22:24:31","slug":"ether","status":"publish","type":"page","link":"https:\/\/fantome-fx.com\/index.php\/ether\/","title":{"rendered":"ETHER"},"content":{"rendered":"\n<p><strong>(Trebooster)<\/strong> Cr\u00e9ation 2009<br>Derni\u00e8re version <strong>3.4<\/strong> (Juillet 2023)<strong><br><\/strong><\/p>\n\n\n\n<figure class=\"wp-block-gallery has-nested-images columns-default is-cropped wp-block-gallery-1 is-layout-flex wp-block-gallery-is-layout-flex\">\n<figure class=\"wp-block-image size-large\"><img loading=\"lazy\" decoding=\"async\" width=\"1024\" height=\"681\" data-id=\"118\" src=\"https:\/\/fantome-fx.com\/wp-content\/uploads\/2023\/07\/2023_04_28a_788a-1024x681.jpg\" alt=\"\" class=\"wp-image-118\" srcset=\"https:\/\/fantome-fx.com\/wp-content\/uploads\/2023\/07\/2023_04_28a_788a-1024x681.jpg 1024w, https:\/\/fantome-fx.com\/wp-content\/uploads\/2023\/07\/2023_04_28a_788a-300x200.jpg 300w, https:\/\/fantome-fx.com\/wp-content\/uploads\/2023\/07\/2023_04_28a_788a-768x511.jpg 768w, https:\/\/fantome-fx.com\/wp-content\/uploads\/2023\/07\/2023_04_28a_788a.jpg 1500w\" sizes=\"auto, (max-width: 1024px) 100vw, 1024px\" \/><\/figure>\n\n\n\n<figure class=\"wp-block-image size-large\"><img loading=\"lazy\" decoding=\"async\" width=\"1024\" height=\"683\" data-id=\"120\" src=\"https:\/\/fantome-fx.com\/wp-content\/uploads\/2023\/07\/2023_04_28a_792a-1024x683.jpg\" alt=\"\" class=\"wp-image-120\" srcset=\"https:\/\/fantome-fx.com\/wp-content\/uploads\/2023\/07\/2023_04_28a_792a-1024x683.jpg 1024w, https:\/\/fantome-fx.com\/wp-content\/uploads\/2023\/07\/2023_04_28a_792a-300x200.jpg 300w, https:\/\/fantome-fx.com\/wp-content\/uploads\/2023\/07\/2023_04_28a_792a-768x512.jpg 768w, https:\/\/fantome-fx.com\/wp-content\/uploads\/2023\/07\/2023_04_28a_792a.jpg 1500w\" sizes=\"auto, (max-width: 1024px) 100vw, 1024px\" \/><\/figure>\n\n\n\n<figure class=\"wp-block-image size-large\"><img loading=\"lazy\" decoding=\"async\" width=\"1024\" height=\"681\" data-id=\"119\" src=\"https:\/\/fantome-fx.com\/wp-content\/uploads\/2023\/07\/2023_04_28a_797a-1024x681.jpg\" alt=\"\" class=\"wp-image-119\" srcset=\"https:\/\/fantome-fx.com\/wp-content\/uploads\/2023\/07\/2023_04_28a_797a-1024x681.jpg 1024w, https:\/\/fantome-fx.com\/wp-content\/uploads\/2023\/07\/2023_04_28a_797a-300x200.jpg 300w, https:\/\/fantome-fx.com\/wp-content\/uploads\/2023\/07\/2023_04_28a_797a-768x511.jpg 768w, https:\/\/fantome-fx.com\/wp-content\/uploads\/2023\/07\/2023_04_28a_797a.jpg 1500w\" sizes=\"auto, (max-width: 1024px) 100vw, 1024px\" \/><\/figure>\n<\/figure>\n\n\n\n<p><br>C\u2019est la toute premi\u00e8re p\u00e9dale, et Fantome n&rsquo;existe pas encore sous ce nom. C&rsquo;est Little Factory.<br>Le sch\u00e9ma est assez simple et peu original et l&rsquo;id\u00e9e premi\u00e8re est bien de fabriquer un \u00ab\u00a0boost\u00a0\u00bb, mais en jouant un peu sur des commandes de composants \u00ab\u00a0exotiques\u00a0\u00bb, je commets une erreur de valeurs et recoit de mauvais condensateurs. Ces condensateurs sont issus d&rsquo;un vieux stock de l&rsquo;\u00e8re sovi\u00e9tique, je les monte quand m\u00eame, et \u00e7a sonne carr\u00e9ment plus aigu\u00eb. <br>C\u2019est ce qui a donn\u00e9 l\u2019id\u00e9e de ce Treble Booster (au silicium) dans sa premi\u00e8re version.<br>En 2022, au relancement de tout \u00e7a, j&rsquo;ai retravaill\u00e9 l&rsquo;ensemble, tout repris \u00e0 z\u00e9ro mais de mani\u00e8re contr\u00f4l\u00e9e cette fois, j&rsquo;ai chang\u00e9 de transistor avec un vrai potentiel de gain, j&rsquo;ai aussi chang\u00e9 et ajout\u00e9 un filtre. <br>Ca ressemblait enfin \u00e0 l&rsquo;id\u00e9e que je me faisais d&rsquo;un \u00ab\u00a0Treble Booster\u00a0\u00bb.<br>J&rsquo;ai bien entendu conserv\u00e9 mes condensateurs, un charme ind\u00e9niable qui sonne.<br>C\u2019est donc l\u2019Ether, la premi\u00e8re des p\u00e9dales.<br>C\u2019est un Treble booster, c\u2019est le Trebooster de Fant\u00f4me. \ud83d\ude42<\/p>\n\n\n\n<p class=\"has-vivid-red-color has-text-color\"><em><strong>ATTENTION :<\/strong> Au regard des stocks limit\u00e9s de ces condensateurs, il arrivera un jour, o\u00f9 cette p\u00e9dale ne pourra plus etre fabriqu\u00e9e.<\/em><\/p>\n\n\n\n<p><strong>Specs.<\/strong><br>Boitier Hammond haute qualit\u00e9 en fonte d&rsquo;aluminium, perc\u00e9 et peint \u00e0 la main.<br>Circuit imprim\u00e9 con\u00e7u et dessin\u00e9 par nos soins.<br>Composants traversants, assembl\u00e9s et soud\u00e9s \u00e0 la main.<br>Potentiometre ALPHA<br>Jacks LUMBERG<br>Soudure sans plomb.<br>Condensateurs haut de gamme, en papier huil\u00e9 ex-URSS (stocks achet\u00e9s aupr\u00e8s de revendeurs bas\u00e9s en Ukraine, Pologne, Bulgarie et Roumanie)<br>Alimentation DC 9V externe (pas de logement de pile en interne) (non fournie)<br>R\u00e9glages : Un bouton de volume.<br>Courant: 0,9 mA<\/p>\n\n\n\n<p><strong>Prix public conseill\u00e9 : 165 \u20ac<\/strong><br><\/p>\n\n\n\n<figure class=\"wp-block-image size-large is-resized\"><a href=\"https:\/\/fantome-fx.sumupstore.com\/article\/ether-trebooster\" target=\"_blank\" rel=\" noreferrer noopener\"><img loading=\"lazy\" decoding=\"async\" width=\"1024\" height=\"289\" src=\"https:\/\/fantome-fx.com\/wp-content\/uploads\/2025\/10\/ACHETER-copie-1024x289.png\" alt=\"\" class=\"wp-image-900\" style=\"width:227px;height:auto\" srcset=\"https:\/\/fantome-fx.com\/wp-content\/uploads\/2025\/10\/ACHETER-copie-1024x289.png 1024w, https:\/\/fantome-fx.com\/wp-content\/uploads\/2025\/10\/ACHETER-copie-600x170.png 600w, https:\/\/fantome-fx.com\/wp-content\/uploads\/2025\/10\/ACHETER-copie-300x85.png 300w, https:\/\/fantome-fx.com\/wp-content\/uploads\/2025\/10\/ACHETER-copie-768x217.png 768w, https:\/\/fantome-fx.com\/wp-content\/uploads\/2025\/10\/ACHETER-copie.png 1522w\" sizes=\"auto, (max-width: 1024px) 100vw, 1024px\" \/><\/a><\/figure>\n\n\n\n<figure class=\"wp-block-embed is-type-video is-provider-youtube wp-block-embed-youtube wp-embed-aspect-16-9 wp-has-aspect-ratio\"><div class=\"wp-block-embed__wrapper\">\n<iframe loading=\"lazy\" title=\"On d\u00e9couvre les p\u00e9dales FANTOME, une marque fran\u00e7aise !\" width=\"800\" height=\"450\" src=\"https:\/\/www.youtube.com\/embed\/PRmxglGLUPE?feature=oembed\" frameborder=\"0\" allow=\"accelerometer; autoplay; clipboard-write; encrypted-media; gyroscope; picture-in-picture; web-share\" referrerpolicy=\"strict-origin-when-cross-origin\" allowfullscreen><\/iframe>\n<\/div><\/figure>\n","protected":false},"excerpt":{"rendered":"<p>(Trebooster) Cr\u00e9ation 2009Derni\u00e8re version 3.4 (Juillet 2023) C\u2019est la toute premi\u00e8re p\u00e9dale, et Fantome n&rsquo;existe pas encore sous ce nom.<\/p>\n","protected":false},"author":1,"featured_media":0,"parent":0,"menu_order":0,"comment_status":"closed","ping_status":"closed","template":"","meta":{"footnotes":""},"class_list":["post-94","page","type-page","status-publish","hentry"],"jetpack_sharing_enabled":true,"_links":{"self":[{"href":"https:\/\/fantome-fx.com\/index.php\/wp-json\/wp\/v2\/pages\/94","targetHints":{"allow":["GET"]}}],"collection":[{"href":"https:\/\/fantome-fx.com\/index.php\/wp-json\/wp\/v2\/pages"}],"about":[{"href":"https:\/\/fantome-fx.com\/index.php\/wp-json\/wp\/v2\/types\/page"}],"author":[{"embeddable":true,"href":"https:\/\/fantome-fx.com\/index.php\/wp-json\/wp\/v2\/users\/1"}],"replies":[{"embeddable":true,"href":"https:\/\/fantome-fx.com\/index.php\/wp-json\/wp\/v2\/comments?post=94"}],"version-history":[{"count":24,"href":"https:\/\/fantome-fx.com\/index.php\/wp-json\/wp\/v2\/pages\/94\/revisions"}],"predecessor-version":[{"id":1144,"href":"https:\/\/fantome-fx.com\/index.php\/wp-json\/wp\/v2\/pages\/94\/revisions\/1144"}],"wp:attachment":[{"href":"https:\/\/fantome-fx.com\/index.php\/wp-json\/wp\/v2\/media?parent=94"}],"curies":[{"name":"wp","href":"https:\/\/api.w.org\/{rel}","templated":true}]}}