{"id":867,"date":"2025-10-18T23:31:49","date_gmt":"2025-10-18T21:31:49","guid":{"rendered":"https:\/\/fantome-fx.com\/?page_id=867"},"modified":"2025-12-04T00:07:06","modified_gmt":"2025-12-03T23:07:06","slug":"thunderbolt","status":"publish","type":"page","link":"https:\/\/fantome-fx.com\/index.php\/thunderbolt\/","title":{"rendered":"THUNDERBOLT"},"content":{"rendered":"\n<figure class=\"wp-block-image size-large\"><img loading=\"lazy\" decoding=\"async\" width=\"1024\" height=\"243\" src=\"https:\/\/fantome-fx.com\/wp-content\/uploads\/2025\/10\/THUNDERBOLT-copie-1024x243.png\" alt=\"\" class=\"wp-image-871\" srcset=\"https:\/\/fantome-fx.com\/wp-content\/uploads\/2025\/10\/THUNDERBOLT-copie-1024x243.png 1024w, https:\/\/fantome-fx.com\/wp-content\/uploads\/2025\/10\/THUNDERBOLT-copie-600x142.png 600w, https:\/\/fantome-fx.com\/wp-content\/uploads\/2025\/10\/THUNDERBOLT-copie-300x71.png 300w, https:\/\/fantome-fx.com\/wp-content\/uploads\/2025\/10\/THUNDERBOLT-copie-768x182.png 768w, https:\/\/fantome-fx.com\/wp-content\/uploads\/2025\/10\/THUNDERBOLT-copie-1536x364.png 1536w, https:\/\/fantome-fx.com\/wp-content\/uploads\/2025\/10\/THUNDERBOLT-copie.png 1628w\" sizes=\"auto, (max-width: 1024px) 100vw, 1024px\" \/><\/figure>\n\n\n\n<figure class=\"wp-block-image size-large\"><img loading=\"lazy\" decoding=\"async\" width=\"1024\" height=\"683\" src=\"https:\/\/fantome-fx.com\/wp-content\/uploads\/2025\/10\/2025_09_23a_748a-1024x683.jpg\" alt=\"\" class=\"wp-image-873\" srcset=\"https:\/\/fantome-fx.com\/wp-content\/uploads\/2025\/10\/2025_09_23a_748a-1024x683.jpg 1024w, https:\/\/fantome-fx.com\/wp-content\/uploads\/2025\/10\/2025_09_23a_748a-600x400.jpg 600w, https:\/\/fantome-fx.com\/wp-content\/uploads\/2025\/10\/2025_09_23a_748a-300x200.jpg 300w, https:\/\/fantome-fx.com\/wp-content\/uploads\/2025\/10\/2025_09_23a_748a-768x512.jpg 768w, https:\/\/fantome-fx.com\/wp-content\/uploads\/2025\/10\/2025_09_23a_748a-1536x1024.jpg 1536w, https:\/\/fantome-fx.com\/wp-content\/uploads\/2025\/10\/2025_09_23a_748a-2048x1366.jpg 2048w\" sizes=\"auto, (max-width: 1024px) 100vw, 1024px\" \/><\/figure>\n\n\n\n<figure class=\"wp-block-image size-large is-resized\"><a href=\"https:\/\/fantome-fx.sumupstore.com\/product\/thunderbolt-delicate-fuzz-of-thunder\" target=\"_blank\" rel=\" noreferrer noopener\"><img loading=\"lazy\" decoding=\"async\" width=\"1024\" height=\"289\" src=\"https:\/\/fantome-fx.com\/wp-content\/uploads\/2025\/10\/ACHETER-copie-1024x289.png\" alt=\"\" class=\"wp-image-900\" style=\"width:227px;height:auto\" srcset=\"https:\/\/fantome-fx.com\/wp-content\/uploads\/2025\/10\/ACHETER-copie-1024x289.png 1024w, https:\/\/fantome-fx.com\/wp-content\/uploads\/2025\/10\/ACHETER-copie-600x170.png 600w, https:\/\/fantome-fx.com\/wp-content\/uploads\/2025\/10\/ACHETER-copie-300x85.png 300w, https:\/\/fantome-fx.com\/wp-content\/uploads\/2025\/10\/ACHETER-copie-768x217.png 768w, https:\/\/fantome-fx.com\/wp-content\/uploads\/2025\/10\/ACHETER-copie.png 1522w\" sizes=\"auto, (max-width: 1024px) 100vw, 1024px\" \/><\/a><\/figure>\n\n\n\n<pre class=\"wp-block-verse has-white-color has-black-background-color has-text-color has-background has-link-color wp-elements-c20424972183a333f1ec16efd9e518f8\">C'est une Fuzz, pas comme les autres, car elle saura vous \u00eatre, tendre et d\u00e9licate, et bien sur, elle pourra aussi d\u00e9chainer la foudre sur votre pedalboard. Comment? ... il y a deux gains, le premier vous permettra de la \"driver\", et le second, est coupl\u00e9 \u00e0 un somptueux r\u00e9glage de \"tone\", permettra d'y mettre tout le sale d'une Fuzz comme l'aime ! Simple, efficace, \u00e7a sonne comme un Thor en col\u00e8re aussi bien avec un simple bobinage, ou des humbuckers (preuve \u00e0 l'appui dans cette video, P90 et 490). C'est Fantome, fait \u00e0 la main, abordable, et d\u00e9j\u00e0 indispensable. La p\u00e9dale est disponible sur la boutique officielle Fantome des maintenant: (lien) A vous jouer au paratonnerre \u00e0 pr\u00e9sent ! Prenez la foudre avec nous !<br><br><br><br>!!! FRANCE METROPOLITAINE : EXPEDITION GRATUITE dans la boutique Fantome sur Reverb <a href=\"https:\/\/reverb.com\/fr\/item\/92516145-fantome-fx-thunderbolt-the-delicate-fuzz-of-thunder\">ici<\/a> : !!!<strong><br><a href=\"https:\/\/reverb.com\/fr\/item\/92516145-fantome-fx-thunderbolt-the-delicate-fuzz-of-thunder\">https:\/\/reverb.com\/fr\/item\/92516145-fantome-fx-thunderbolt-the-delicate-fuzz-of-thunder<\/a><\/strong><br><br><strong>Prix public : 185\u20ac<\/strong><br><br><br>Specs.<br>Boitier Hammond haute qualit\u00e9 en fonte d\u2019aluminium, perc\u00e9 et peint \u00e0 la main.<br>Circuit imprim\u00e9 con\u00e7u et dessin\u00e9 par nos soins.<br>Composants traversants, assembl\u00e9s et soud\u00e9s \u00e0 la main.<br>Potentiom\u00e8tres ALPHA<br>Jacks Lumberg (Japon)<br>Soudure sans plomb.<br>Alimentation DC 9V externe (pas de logement de pile en interne) (non fournie)<br>R\u00e9glages : Deux boutons de gain (Blast et Storm), et un bouton de volume<br>Courant : 0,3 mA<br>Poids : 150g<\/pre>\n\n\n\n<figure class=\"wp-block-gallery has-nested-images columns-default is-cropped wp-block-gallery-1 is-layout-flex wp-block-gallery-is-layout-flex\">\n<figure class=\"wp-block-image size-large\"><img loading=\"lazy\" decoding=\"async\" width=\"1024\" height=\"683\" data-id=\"874\" src=\"https:\/\/fantome-fx.com\/wp-content\/uploads\/2025\/10\/2025_09_23a_760a-1024x683.jpg\" alt=\"\" class=\"wp-image-874\" srcset=\"https:\/\/fantome-fx.com\/wp-content\/uploads\/2025\/10\/2025_09_23a_760a-1024x683.jpg 1024w, https:\/\/fantome-fx.com\/wp-content\/uploads\/2025\/10\/2025_09_23a_760a-600x400.jpg 600w, https:\/\/fantome-fx.com\/wp-content\/uploads\/2025\/10\/2025_09_23a_760a-300x200.jpg 300w, https:\/\/fantome-fx.com\/wp-content\/uploads\/2025\/10\/2025_09_23a_760a-768x512.jpg 768w, https:\/\/fantome-fx.com\/wp-content\/uploads\/2025\/10\/2025_09_23a_760a-1536x1024.jpg 1536w, https:\/\/fantome-fx.com\/wp-content\/uploads\/2025\/10\/2025_09_23a_760a-2048x1366.jpg 2048w\" sizes=\"auto, (max-width: 1024px) 100vw, 1024px\" \/><\/figure>\n\n\n\n<figure class=\"wp-block-image size-large\"><img loading=\"lazy\" decoding=\"async\" width=\"1024\" height=\"683\" data-id=\"877\" src=\"https:\/\/fantome-fx.com\/wp-content\/uploads\/2025\/10\/2025_09_23a_793a-1024x683.jpg\" alt=\"\" class=\"wp-image-877\" srcset=\"https:\/\/fantome-fx.com\/wp-content\/uploads\/2025\/10\/2025_09_23a_793a-1024x683.jpg 1024w, https:\/\/fantome-fx.com\/wp-content\/uploads\/2025\/10\/2025_09_23a_793a-600x400.jpg 600w, https:\/\/fantome-fx.com\/wp-content\/uploads\/2025\/10\/2025_09_23a_793a-300x200.jpg 300w, https:\/\/fantome-fx.com\/wp-content\/uploads\/2025\/10\/2025_09_23a_793a-768x512.jpg 768w, https:\/\/fantome-fx.com\/wp-content\/uploads\/2025\/10\/2025_09_23a_793a-1536x1024.jpg 1536w, https:\/\/fantome-fx.com\/wp-content\/uploads\/2025\/10\/2025_09_23a_793a-2048x1366.jpg 2048w\" sizes=\"auto, (max-width: 1024px) 100vw, 1024px\" \/><\/figure>\n\n\n\n<figure class=\"wp-block-image size-large\"><img loading=\"lazy\" decoding=\"async\" width=\"1024\" height=\"683\" data-id=\"876\" src=\"https:\/\/fantome-fx.com\/wp-content\/uploads\/2025\/10\/2025_09_23a_798a-1024x683.jpg\" alt=\"\" class=\"wp-image-876\" srcset=\"https:\/\/fantome-fx.com\/wp-content\/uploads\/2025\/10\/2025_09_23a_798a-1024x683.jpg 1024w, https:\/\/fantome-fx.com\/wp-content\/uploads\/2025\/10\/2025_09_23a_798a-600x400.jpg 600w, https:\/\/fantome-fx.com\/wp-content\/uploads\/2025\/10\/2025_09_23a_798a-300x200.jpg 300w, https:\/\/fantome-fx.com\/wp-content\/uploads\/2025\/10\/2025_09_23a_798a-768x512.jpg 768w, https:\/\/fantome-fx.com\/wp-content\/uploads\/2025\/10\/2025_09_23a_798a-1536x1024.jpg 1536w, https:\/\/fantome-fx.com\/wp-content\/uploads\/2025\/10\/2025_09_23a_798a-2048x1366.jpg 2048w\" sizes=\"auto, (max-width: 1024px) 100vw, 1024px\" \/><\/figure>\n\n\n\n<figure class=\"wp-block-image size-large\"><img loading=\"lazy\" decoding=\"async\" width=\"1024\" height=\"683\" data-id=\"875\" src=\"https:\/\/fantome-fx.com\/wp-content\/uploads\/2025\/10\/2025_09_23a_805a-1024x683.jpg\" alt=\"\" class=\"wp-image-875\" srcset=\"https:\/\/fantome-fx.com\/wp-content\/uploads\/2025\/10\/2025_09_23a_805a-1024x683.jpg 1024w, https:\/\/fantome-fx.com\/wp-content\/uploads\/2025\/10\/2025_09_23a_805a-600x400.jpg 600w, https:\/\/fantome-fx.com\/wp-content\/uploads\/2025\/10\/2025_09_23a_805a-300x200.jpg 300w, https:\/\/fantome-fx.com\/wp-content\/uploads\/2025\/10\/2025_09_23a_805a-768x512.jpg 768w, https:\/\/fantome-fx.com\/wp-content\/uploads\/2025\/10\/2025_09_23a_805a-1536x1024.jpg 1536w, https:\/\/fantome-fx.com\/wp-content\/uploads\/2025\/10\/2025_09_23a_805a-2048x1366.jpg 2048w\" sizes=\"auto, (max-width: 1024px) 100vw, 1024px\" \/><\/figure>\n<\/figure>\n\n\n\n<figure class=\"wp-block-embed is-type-video is-provider-youtube wp-block-embed-youtube wp-embed-aspect-16-9 wp-has-aspect-ratio\"><div class=\"wp-block-embed__wrapper\">\n<iframe loading=\"lazy\" title=\"Fantome Fx THUNDERBOLT : The Delicate Fuzz of Thunder\" width=\"800\" height=\"450\" src=\"https:\/\/www.youtube.com\/embed\/r4iecqdl8hY?feature=oembed\" frameborder=\"0\" allow=\"accelerometer; autoplay; clipboard-write; encrypted-media; gyroscope; picture-in-picture; web-share\" referrerpolicy=\"strict-origin-when-cross-origin\" allowfullscreen><\/iframe>\n<\/div><\/figure>\n\n\n\n<figure class=\"wp-block-embed is-type-video is-provider-youtube wp-block-embed-youtube wp-embed-aspect-16-9 wp-has-aspect-ratio\"><div class=\"wp-block-embed__wrapper\">\n<iframe loading=\"lazy\" title=\"Le chef d&#039;oeuvre de Fantome FX - La fuzz\/overdrive Thunderbolt\" width=\"800\" height=\"450\" src=\"https:\/\/www.youtube.com\/embed\/3FpjrWES7tc?feature=oembed\" frameborder=\"0\" allow=\"accelerometer; autoplay; clipboard-write; encrypted-media; gyroscope; picture-in-picture; web-share\" referrerpolicy=\"strict-origin-when-cross-origin\" allowfullscreen><\/iframe>\n<\/div><\/figure>\n","protected":false},"excerpt":{"rendered":"<p>C&rsquo;est une Fuzz, pas comme les autres, car elle saura vous \u00eatre, tendre et d\u00e9licate, et bien sur, elle pourra<\/p>\n","protected":false},"author":2,"featured_media":0,"parent":0,"menu_order":0,"comment_status":"closed","ping_status":"closed","template":"","meta":{"footnotes":""},"class_list":["post-867","page","type-page","status-publish","hentry"],"jetpack_sharing_enabled":true,"_links":{"self":[{"href":"https:\/\/fantome-fx.com\/index.php\/wp-json\/wp\/v2\/pages\/867","targetHints":{"allow":["GET"]}}],"collection":[{"href":"https:\/\/fantome-fx.com\/index.php\/wp-json\/wp\/v2\/pages"}],"about":[{"href":"https:\/\/fantome-fx.com\/index.php\/wp-json\/wp\/v2\/types\/page"}],"author":[{"embeddable":true,"href":"https:\/\/fantome-fx.com\/index.php\/wp-json\/wp\/v2\/users\/2"}],"replies":[{"embeddable":true,"href":"https:\/\/fantome-fx.com\/index.php\/wp-json\/wp\/v2\/comments?post=867"}],"version-history":[{"count":12,"href":"https:\/\/fantome-fx.com\/index.php\/wp-json\/wp\/v2\/pages\/867\/revisions"}],"predecessor-version":[{"id":1173,"href":"https:\/\/fantome-fx.com\/index.php\/wp-json\/wp\/v2\/pages\/867\/revisions\/1173"}],"wp:attachment":[{"href":"https:\/\/fantome-fx.com\/index.php\/wp-json\/wp\/v2\/media?parent=867"}],"curies":[{"name":"wp","href":"https:\/\/api.w.org\/{rel}","templated":true}]}}