{"id":826,"date":"2025-03-21T14:37:15","date_gmt":"2025-03-21T13:37:15","guid":{"rendered":"https:\/\/fantome-fx.com\/?page_id=826"},"modified":"2025-12-04T00:06:05","modified_gmt":"2025-12-03T23:06:05","slug":"the-red-mountain","status":"publish","type":"page","link":"https:\/\/fantome-fx.com\/index.php\/the-red-mountain\/","title":{"rendered":"THE RED MOUNTAIN"},"content":{"rendered":"\n<p><strong>(Tremodrive)<\/strong> Cr\u00e9ation 2024<br>Derni\u00e8re version <strong>1<\/strong> (janvier 2025)<\/p>\n\n\n\n<p>Fantome vous pr\u00e9sente la RED MOUNTAIN, une p\u00e9dale qui apparait pour le festival de guitare de de guitare de Paris-Montrouge, qui inspire son nom, mais ce dernier vient aussi de certains man\u00e8ges de foire, les Montagnes Russes. <br>Vous comprendez pourquoi, le pr\u00e9ampli de cette p\u00e9dale est bas\u00e9 sur le circuit de la RINOD, et la RED MOUNTAIN, ne d\u00e9rogera pas \u00e0 cette jolie tradition, elle est \u00e9quip\u00e9e de trois transistors sovi\u00e9tiques NOS. <br>Nous retrouvons le grain et le velout\u00e9 grassouillet de la Rinod, avec deux fonctions in\u00e9dites de modulation, un \u00ab\u00a0rate\u00a0\u00bb et un \u00ab\u00a0depth\u00a0\u00bb. <br>D&rsquo;inspiration tr\u00e8s \u00ab\u00a0retro\u00a0\u00bb au resultat tr\u00e8s organique, comme ces tremolos que l&rsquo;on trouvait parfois sur les amplis am\u00e9ricains des ann\u00e9es 50 et 60. <br>Un doux m\u00e9lange de genres, un grain d&rsquo;overdrive typ\u00e9 70&rsquo;s avec des vagues de 1950&#8230; <br>C&rsquo;est la Red Mountain. Cette p\u00e9dale sera disponible \u00e0 l&rsquo;essai pour la premi\u00e8re fois lors du PARIS GUITAR FESTIVAL de Montrouge, du 7 au 9 Mars 2025. <br>Alors? Vous reprendrez bien un petit tour de man\u00e8ge ? <\/p>\n\n\n\n<p>(d\u00e9mo jou\u00e9e par Chris, du groupe Rackam The Red : \/ @rackham_the.red et rackhamthered.bandcamp.com )<\/p>\n\n\n\n<p><strong>Specs.<\/strong><br>Boitier Hammond haute qualit\u00e9 en fonte d\u2019aluminium, perc\u00e9 et peint \u00e0 la main.<br>Circuit imprim\u00e9 con\u00e7u et dessin\u00e9 par nos soins.<br>Composants traversants, assembl\u00e9s et soud\u00e9s \u00e0 la main.<br>Potentiometre ALPHA<br>Jacks LUMBERG<br>Soudure sans plomb.<br>Condensateurs haut de gamme, en papier huil\u00e9 ex-URSS (stocks achet\u00e9s aupr\u00e8s de revendeurs bas\u00e9s en Ukraine, Pologne, Bulgarie et Roumanie)<br>Alimentation DC 9V externe (pas de logement de pile en interne) (non fournie)<br>R\u00e9glages : Un bouton de volume.<br>Courant: 0,9 mA<\/p>\n\n\n\n<p class=\"has-black-color has-text-color has-link-color wp-elements-b3ad445217b721bb1c0319b6d70e0606\"><strong>Prix public conseill\u00e9 : 225 \u20ac<\/strong><\/p>\n\n\n\n<p class=\"has-vivid-red-color has-text-color has-link-color wp-elements-3e7839dcfb3faab1f48b449666210791\"><strong>IMPORTANT : La version ROUGE de cette p\u00e9dale n&rsquo;est pas produite de s\u00e9rie, et reste limit\u00e9e \u00e0 des \u00e9v\u00e8nements pr\u00e9cis (festivals, salons, show&#8230;)<\/strong><br>Une version identique en livr\u00e9e aluminium et or, est disponible sur la boutique FANTOME:<br><\/p>\n\n\n\n<figure class=\"wp-block-image size-large is-resized\"><a href=\"https:\/\/fantome-fx.sumupstore.com\/product\/red-mountain-tremodrive\" target=\"_blank\" rel=\" noreferrer noopener\"><img loading=\"lazy\" decoding=\"async\" width=\"1024\" height=\"289\" src=\"https:\/\/fantome-fx.com\/wp-content\/uploads\/2025\/10\/ACHETER-copie-1024x289.png\" alt=\"\" class=\"wp-image-900\" style=\"width:227px;height:auto\" srcset=\"https:\/\/fantome-fx.com\/wp-content\/uploads\/2025\/10\/ACHETER-copie-1024x289.png 1024w, https:\/\/fantome-fx.com\/wp-content\/uploads\/2025\/10\/ACHETER-copie-600x170.png 600w, https:\/\/fantome-fx.com\/wp-content\/uploads\/2025\/10\/ACHETER-copie-300x85.png 300w, https:\/\/fantome-fx.com\/wp-content\/uploads\/2025\/10\/ACHETER-copie-768x217.png 768w, https:\/\/fantome-fx.com\/wp-content\/uploads\/2025\/10\/ACHETER-copie.png 1522w\" sizes=\"auto, (max-width: 1024px) 100vw, 1024px\" \/><\/a><\/figure>\n\n\n\n<p class=\"has-vivid-red-color has-text-color has-link-color wp-elements-c9365267f914bd71ea50e5e539e3962b\"><\/p>\n\n\n\n<figure class=\"wp-block-image size-large\"><img loading=\"lazy\" decoding=\"async\" width=\"1024\" height=\"681\" src=\"https:\/\/fantome-fx.com\/wp-content\/uploads\/2025\/03\/2025_01_16a_015a-1500px-1024x681.jpg\" alt=\"\" class=\"wp-image-823\" srcset=\"https:\/\/fantome-fx.com\/wp-content\/uploads\/2025\/03\/2025_01_16a_015a-1500px-1024x681.jpg 1024w, https:\/\/fantome-fx.com\/wp-content\/uploads\/2025\/03\/2025_01_16a_015a-1500px-600x399.jpg 600w, https:\/\/fantome-fx.com\/wp-content\/uploads\/2025\/03\/2025_01_16a_015a-1500px-300x200.jpg 300w, https:\/\/fantome-fx.com\/wp-content\/uploads\/2025\/03\/2025_01_16a_015a-1500px-768x511.jpg 768w, https:\/\/fantome-fx.com\/wp-content\/uploads\/2025\/03\/2025_01_16a_015a-1500px.jpg 1500w\" sizes=\"auto, (max-width: 1024px) 100vw, 1024px\" \/><\/figure>\n\n\n\n<figure class=\"wp-block-embed is-type-video is-provider-youtube wp-block-embed-youtube wp-embed-aspect-16-9 wp-has-aspect-ratio\"><div class=\"wp-block-embed__wrapper\">\n<iframe loading=\"lazy\" title=\"Fantome RED MOUNTAIN (Tremodrive) - La pedale Montrouge !!!\" width=\"800\" height=\"450\" src=\"https:\/\/www.youtube.com\/embed\/00ioupGlal8?feature=oembed\" frameborder=\"0\" allow=\"accelerometer; autoplay; clipboard-write; encrypted-media; gyroscope; picture-in-picture; web-share\" referrerpolicy=\"strict-origin-when-cross-origin\" allowfullscreen><\/iframe>\n<\/div><\/figure>\n\n\n\n<p><\/p>\n","protected":false},"excerpt":{"rendered":"<p>(Tremodrive) Cr\u00e9ation 2024Derni\u00e8re version 1 (janvier 2025) Fantome vous pr\u00e9sente la RED MOUNTAIN, une p\u00e9dale qui apparait pour le festival<\/p>\n","protected":false},"author":1,"featured_media":0,"parent":0,"menu_order":0,"comment_status":"closed","ping_status":"closed","template":"","meta":{"footnotes":""},"class_list":["post-826","page","type-page","status-publish","hentry"],"jetpack_sharing_enabled":true,"_links":{"self":[{"href":"https:\/\/fantome-fx.com\/index.php\/wp-json\/wp\/v2\/pages\/826","targetHints":{"allow":["GET"]}}],"collection":[{"href":"https:\/\/fantome-fx.com\/index.php\/wp-json\/wp\/v2\/pages"}],"about":[{"href":"https:\/\/fantome-fx.com\/index.php\/wp-json\/wp\/v2\/types\/page"}],"author":[{"embeddable":true,"href":"https:\/\/fantome-fx.com\/index.php\/wp-json\/wp\/v2\/users\/1"}],"replies":[{"embeddable":true,"href":"https:\/\/fantome-fx.com\/index.php\/wp-json\/wp\/v2\/comments?post=826"}],"version-history":[{"count":4,"href":"https:\/\/fantome-fx.com\/index.php\/wp-json\/wp\/v2\/pages\/826\/revisions"}],"predecessor-version":[{"id":1022,"href":"https:\/\/fantome-fx.com\/index.php\/wp-json\/wp\/v2\/pages\/826\/revisions\/1022"}],"wp:attachment":[{"href":"https:\/\/fantome-fx.com\/index.php\/wp-json\/wp\/v2\/media?parent=826"}],"curies":[{"name":"wp","href":"https:\/\/api.w.org\/{rel}","templated":true}]}}