{"id":763,"date":"2024-06-07T20:21:18","date_gmt":"2024-06-07T18:21:18","guid":{"rendered":"https:\/\/fantome-fx.com\/?page_id=763"},"modified":"2025-12-04T00:05:13","modified_gmt":"2025-12-03T23:05:13","slug":"spectre","status":"publish","type":"page","link":"https:\/\/fantome-fx.com\/index.php\/spectre\/","title":{"rendered":"SPECTRE"},"content":{"rendered":"\n<p>THE TOMB TENDER<\/p>\n\n\n\n<figure class=\"wp-block-image size-large\"><img loading=\"lazy\" decoding=\"async\" width=\"1024\" height=\"681\" src=\"https:\/\/fantome-fx.com\/wp-content\/uploads\/2024\/06\/2024_05_22a_478a-1024x681.jpg\" alt=\"\" class=\"wp-image-776\" srcset=\"https:\/\/fantome-fx.com\/wp-content\/uploads\/2024\/06\/2024_05_22a_478a-1024x681.jpg 1024w, https:\/\/fantome-fx.com\/wp-content\/uploads\/2024\/06\/2024_05_22a_478a-600x399.jpg 600w, https:\/\/fantome-fx.com\/wp-content\/uploads\/2024\/06\/2024_05_22a_478a-300x200.jpg 300w, https:\/\/fantome-fx.com\/wp-content\/uploads\/2024\/06\/2024_05_22a_478a-768x511.jpg 768w, https:\/\/fantome-fx.com\/wp-content\/uploads\/2024\/06\/2024_05_22a_478a.jpg 1500w\" sizes=\"auto, (max-width: 1024px) 100vw, 1024px\" \/><\/figure>\n\n\n\n<p><br>C\u2019est la Fuzz qui fout les chocottes, m\u00eame \u00e0 ta m\u00e8re !<\/p>\n\n\n\n<p>Cr\u00e9ation 2023 \/ Commercialisation 2024<br>Inspiration : Tone Bender MK2 et MK3<\/p>\n\n\n\n<p>Transistors sovi\u00e9tiques silicium (Ukraine, Pologne, Bulgarie et Roumanie)<\/p>\n\n\n\n<p>Cette Fuzz est \u00e0 part, un peu velcro, tres 70\u2019s, un grain accrocheur et une haute vol\u00e9e de transistors hurlants dans les haut-m\u00e9dium si on le souhaite.<br>Les transistors, justement\u2026 Fantome ne fait rien comme les autres, \u00e7a commence \u00e0 se savoir.<br>Cette Fuzz a \u00e9t\u00e9 modernis\u00e9e, transistors au Silicium, fiable, mais surtout, ce sont des NOS sovi\u00e9tiques (70-80) de l\u2019Est qui ont vu le Rouge de pr\u00eat (provenance Ukraine et Roumanie)<br>Originale, bruyante, innovante et m\u00eame mall\u00e9able gr\u00e2ce \u00e0 son r\u00e9glage original \u00ab&nbsp;Rolling Tone&nbsp;\u00bb.<br>Le bouton \u00ab&nbsp;Booo&nbsp;\u00bb est ton volume, et l\u2019attaque \/ gain sera par le bouton \u00ab&nbsp;Ice Scream&nbsp;\u00bb.<br>Oui, c\u2019est une p\u00e9dale \u00e0 la couleur citrouille, car elle peut mettre les chocottes \u00e0 une charrette de mort-vivants.<br>C\u2019est une Fuzz, c\u2019est la nouvelle Fuzz de <strong>FANTOME<\/strong>, et elle d\u00e9chire la nuit dans une envol\u00e9e de chauve-souris f\u00e2ch\u00e9es.<\/p>\n\n\n\n<p>Fabriqu\u00e9e \u00e0 la main en France.<br>Composants traversants soud\u00e9s \/ c\u00e2bl\u00e9s \u00e0 la main.<br>Boitiers peints \u00e0 l\u2019atelier.<br>Chaque p\u00e9dale est test\u00e9e avec de vraies guitares par des vrais gens qui jouent plus ou moins bien du Led Zeppelin, Jimi Hendrix ou les Foo Fighters.<br>Pour chaque p\u00e9dale achet\u00e9e, un sourire offert.<\/p>\n\n\n\n<p>Prix public : 185\u20ac TTC <br>COMMANDEZ-LA SUR LA BOUTIQUE OFFICIELLE FANTOME: <br><\/p>\n\n\n\n<figure class=\"wp-block-image size-large is-resized\"><a href=\"https:\/\/fantome-fx.sumupstore.com\/product\/spectre-the-tomb-tender\" target=\"_blank\" rel=\" noreferrer noopener\"><img loading=\"lazy\" decoding=\"async\" width=\"1024\" height=\"289\" src=\"https:\/\/fantome-fx.com\/wp-content\/uploads\/2025\/10\/ACHETER-copie-1024x289.png\" alt=\"\" class=\"wp-image-900\" style=\"width:227px;height:auto\" srcset=\"https:\/\/fantome-fx.com\/wp-content\/uploads\/2025\/10\/ACHETER-copie-1024x289.png 1024w, https:\/\/fantome-fx.com\/wp-content\/uploads\/2025\/10\/ACHETER-copie-600x170.png 600w, https:\/\/fantome-fx.com\/wp-content\/uploads\/2025\/10\/ACHETER-copie-300x85.png 300w, https:\/\/fantome-fx.com\/wp-content\/uploads\/2025\/10\/ACHETER-copie-768x217.png 768w, https:\/\/fantome-fx.com\/wp-content\/uploads\/2025\/10\/ACHETER-copie.png 1522w\" sizes=\"auto, (max-width: 1024px) 100vw, 1024px\" \/><\/a><\/figure>\n\n\n\n<figure class=\"wp-block-gallery has-nested-images columns-default is-cropped wp-block-gallery-1 is-layout-flex wp-block-gallery-is-layout-flex\">\n<figure class=\"wp-block-image size-large\"><a href=\"https:\/\/fantome-fx.com\/wp-content\/uploads\/2024\/06\/2024_05_22a_464a.jpg\" target=\"_blank\"  rel=\"lightbox[763] noreferrer noopener\"><img loading=\"lazy\" decoding=\"async\" width=\"1024\" height=\"681\" data-id=\"771\" src=\"https:\/\/fantome-fx.com\/wp-content\/uploads\/2024\/06\/2024_05_22a_464a-1024x681.jpg\" alt=\"\" class=\"wp-image-771\" srcset=\"https:\/\/fantome-fx.com\/wp-content\/uploads\/2024\/06\/2024_05_22a_464a-1024x681.jpg 1024w, https:\/\/fantome-fx.com\/wp-content\/uploads\/2024\/06\/2024_05_22a_464a-600x399.jpg 600w, https:\/\/fantome-fx.com\/wp-content\/uploads\/2024\/06\/2024_05_22a_464a-300x200.jpg 300w, https:\/\/fantome-fx.com\/wp-content\/uploads\/2024\/06\/2024_05_22a_464a-768x511.jpg 768w, https:\/\/fantome-fx.com\/wp-content\/uploads\/2024\/06\/2024_05_22a_464a.jpg 1500w\" sizes=\"auto, (max-width: 1024px) 100vw, 1024px\" \/><\/a><\/figure>\n\n\n\n<figure class=\"wp-block-image size-large\"><a href=\"https:\/\/fantome-fx.com\/wp-content\/uploads\/2024\/06\/2024_05_22a_474a.jpg\" target=\"_blank\"  rel=\"lightbox[763] noreferrer noopener\"><img loading=\"lazy\" decoding=\"async\" width=\"1024\" height=\"681\" data-id=\"773\" src=\"https:\/\/fantome-fx.com\/wp-content\/uploads\/2024\/06\/2024_05_22a_474a-1024x681.jpg\" alt=\"\" class=\"wp-image-773\" srcset=\"https:\/\/fantome-fx.com\/wp-content\/uploads\/2024\/06\/2024_05_22a_474a-1024x681.jpg 1024w, https:\/\/fantome-fx.com\/wp-content\/uploads\/2024\/06\/2024_05_22a_474a-600x399.jpg 600w, https:\/\/fantome-fx.com\/wp-content\/uploads\/2024\/06\/2024_05_22a_474a-300x200.jpg 300w, https:\/\/fantome-fx.com\/wp-content\/uploads\/2024\/06\/2024_05_22a_474a-768x511.jpg 768w, https:\/\/fantome-fx.com\/wp-content\/uploads\/2024\/06\/2024_05_22a_474a.jpg 1500w\" sizes=\"auto, (max-width: 1024px) 100vw, 1024px\" \/><\/a><\/figure>\n\n\n\n<figure class=\"wp-block-image size-large\"><a href=\"https:\/\/fantome-fx.com\/wp-content\/uploads\/2024\/06\/2024_05_22a_488a.jpg\" target=\"_blank\"  rel=\"lightbox[763] noreferrer noopener\"><img loading=\"lazy\" decoding=\"async\" width=\"1024\" height=\"681\" data-id=\"772\" src=\"https:\/\/fantome-fx.com\/wp-content\/uploads\/2024\/06\/2024_05_22a_488a-1024x681.jpg\" alt=\"\" class=\"wp-image-772\" srcset=\"https:\/\/fantome-fx.com\/wp-content\/uploads\/2024\/06\/2024_05_22a_488a-1024x681.jpg 1024w, https:\/\/fantome-fx.com\/wp-content\/uploads\/2024\/06\/2024_05_22a_488a-600x399.jpg 600w, https:\/\/fantome-fx.com\/wp-content\/uploads\/2024\/06\/2024_05_22a_488a-300x200.jpg 300w, https:\/\/fantome-fx.com\/wp-content\/uploads\/2024\/06\/2024_05_22a_488a-768x511.jpg 768w, https:\/\/fantome-fx.com\/wp-content\/uploads\/2024\/06\/2024_05_22a_488a.jpg 1500w\" sizes=\"auto, (max-width: 1024px) 100vw, 1024px\" \/><\/a><\/figure>\n<\/figure>\n\n\n\n<figure class=\"wp-block-embed is-type-video is-provider-youtube wp-block-embed-youtube wp-embed-aspect-16-9 wp-has-aspect-ratio\"><div class=\"wp-block-embed__wrapper\">\n<iframe loading=\"lazy\" title=\"Fantome FX Spectre - la Tone Bender made in France qui fait peur !\" width=\"800\" height=\"450\" src=\"https:\/\/www.youtube.com\/embed\/XIBv9w2lhk4?feature=oembed\" frameborder=\"0\" allow=\"accelerometer; autoplay; clipboard-write; encrypted-media; gyroscope; picture-in-picture; web-share\" referrerpolicy=\"strict-origin-when-cross-origin\" allowfullscreen><\/iframe>\n<\/div><\/figure>\n\n\n\n<p><\/p>\n","protected":false},"excerpt":{"rendered":"<p>THE TOMB TENDER C\u2019est la Fuzz qui fout les chocottes, m\u00eame \u00e0 ta m\u00e8re ! Cr\u00e9ation 2023 \/ Commercialisation 2024Inspiration<\/p>\n","protected":false},"author":1,"featured_media":776,"parent":0,"menu_order":0,"comment_status":"closed","ping_status":"closed","template":"","meta":{"footnotes":""},"class_list":["post-763","page","type-page","status-publish","has-post-thumbnail","hentry"],"jetpack_sharing_enabled":true,"_links":{"self":[{"href":"https:\/\/fantome-fx.com\/index.php\/wp-json\/wp\/v2\/pages\/763","targetHints":{"allow":["GET"]}}],"collection":[{"href":"https:\/\/fantome-fx.com\/index.php\/wp-json\/wp\/v2\/pages"}],"about":[{"href":"https:\/\/fantome-fx.com\/index.php\/wp-json\/wp\/v2\/types\/page"}],"author":[{"embeddable":true,"href":"https:\/\/fantome-fx.com\/index.php\/wp-json\/wp\/v2\/users\/1"}],"replies":[{"embeddable":true,"href":"https:\/\/fantome-fx.com\/index.php\/wp-json\/wp\/v2\/comments?post=763"}],"version-history":[{"count":8,"href":"https:\/\/fantome-fx.com\/index.php\/wp-json\/wp\/v2\/pages\/763\/revisions"}],"predecessor-version":[{"id":1021,"href":"https:\/\/fantome-fx.com\/index.php\/wp-json\/wp\/v2\/pages\/763\/revisions\/1021"}],"wp:featuredmedia":[{"embeddable":true,"href":"https:\/\/fantome-fx.com\/index.php\/wp-json\/wp\/v2\/media\/776"}],"wp:attachment":[{"href":"https:\/\/fantome-fx.com\/index.php\/wp-json\/wp\/v2\/media?parent=763"}],"curies":[{"name":"wp","href":"https:\/\/api.w.org\/{rel}","templated":true}]}}